{"id":1683,"date":"2014-09-03T19:31:21","date_gmt":"2014-09-03T19:31:21","guid":{"rendered":"http:\/\/floroazqueta.com\/wordpress\/?page_id=1683"},"modified":"2025-10-17T19:06:03","modified_gmt":"2025-10-17T18:06:03","slug":"acanto","status":"publish","type":"page","link":"https:\/\/floroazqueta.com\/es\/acanto\/","title":{"rendered":"ACANTO"},"content":{"rendered":"<div class=\"video-container\"><iframe loading=\"lazy\" src=\"https:\/\/player.vimeo.com\/video\/76806045?title=0&amp;byline=0&amp;portrait=0\" width=\"959\" height=\"539\"><\/iframe><\/div>\n<p>Acanto es una tienda-taller en San Sebasti\u00e1n, dedicada al mundo de la restauraci\u00f3n y del mundo vintage. Filmmaker Floro Azqueta y I\u00f1igo Royo<\/p>\n<p>En este Video hemos querido plasmar la especial atmosfera de la tienda-taller, uniendo las dos vertientes de la actividad que I\u00f1aki realiza en Acanto.<\/p>\n<p>Realizaci\u00f3n de Floro Azqueta e I\u00f1igo Royo<\/p>\n<p>Montaje y sonido de Floro Azqueta<\/p>\n<p>M\u00fasica de Ibon Errazkin<\/p>\n<div class=\"social_wrapper shortcode\"><ul><li class=\"facebook\"><a target=\"_blank\" title=\"Facebook\" href=\"https:\/\/www.facebook.com\/floro.azqueta\"><i class=\"fa fa-facebook\"><\/i><\/a><\/li><li class=\"vimeo\"><a target=\"_blank\" title=\"Vimeo\" href=\"https:\/\/vimeo.com\/floroazqueta\"><i class=\"fa fa-vimeo-square\"><\/i><\/a><\/li><li class=\"linkedin\"><a target=\"_blank\" title=\"Linkedin\" href=\"https:\/\/www.linkedin.com\/in\/floro-azqueta-309a4359\/\"><i class=\"fa fa-linkedin\"><\/i><\/a><\/li><li class=\"instagram\"><a target=\"_blank\" title=\"Instagram\" href=\"https:\/\/instagram.com\/floro_azqueta\"><i class=\"fa fa-instagram\"><\/i><\/a><\/li><\/ul><\/div>\n","protected":false},"excerpt":{"rendered":"<p>Acanto es una tienda-taller en San Sebasti\u00e1n, dedicada al mundo de la restauraci\u00f3n y del mundo vintage. Filmmaker Floro Azqueta y I\u00f1igo Royo En este Video hemos querido plasmar la especial atmosfera de la tienda-taller, uniendo las dos vertientes de la actividad que I\u00f1aki realiza en Acanto. Realizaci\u00f3n de Floro Azqueta e I\u00f1igo Royo Montaje [&hellip;]<\/p>\n","protected":false},"author":1,"featured_media":0,"parent":0,"menu_order":0,"comment_status":"closed","ping_status":"open","template":"","meta":{"footnotes":""},"class_list":["post-1683","page","type-page","status-publish","hentry"],"yoast_head":"<!-- This site is optimized with the Yoast SEO plugin v26.7 - https:\/\/yoast.com\/wordpress\/plugins\/seo\/ -->\n<title>Acanto Restauraci\u00f3n is a shop-workshop in San Sebasti\u00e1n<\/title>\n<meta name=\"description\" content=\"Acanto Restauraci\u00f3n is a shop-workshop in San Sebasti\u00e1n in San Sebasti\u00e1n, dedicated to restoration world and decoration and sold of vintage objects.\" \/>\n<meta name=\"robots\" content=\"index, follow, max-snippet:-1, max-image-preview:large, max-video-preview:-1\" \/>\n<link rel=\"canonical\" href=\"https:\/\/floroazqueta.com\/acanto\/\" \/>\n<meta property=\"og:locale\" content=\"es_ES\" \/>\n<meta property=\"og:type\" content=\"article\" \/>\n<meta property=\"og:title\" content=\"Acanto Restauraci\u00f3n is a shop-workshop in San Sebasti\u00e1n\" \/>\n<meta property=\"og:description\" content=\"Acanto Restauraci\u00f3n is a shop-workshop in San Sebasti\u00e1n in San Sebasti\u00e1n, dedicated to restoration world and decoration and sold of vintage objects.\" \/>\n<meta property=\"og:url\" content=\"https:\/\/floroazqueta.com\/acanto\/\" \/>\n<meta property=\"og:site_name\" content=\"Floro Azqueta\" \/>\n<meta property=\"article:publisher\" content=\"https:\/\/www.facebook.com\/floro.azqueta\" \/>\n<meta property=\"article:modified_time\" content=\"2025-10-17T18:06:03+00:00\" \/>\n<script type=\"application\/ld+json\" class=\"yoast-schema-graph\">{\"@context\":\"https:\/\/schema.org\",\"@graph\":[{\"@type\":\"WebPage\",\"@id\":\"https:\/\/floroazqueta.com\/acanto\/\",\"url\":\"https:\/\/floroazqueta.com\/acanto\/\",\"name\":\"Acanto Restauraci\u00f3n is a shop-workshop in San Sebasti\u00e1n\",\"isPartOf\":{\"@id\":\"https:\/\/floroazqueta.com\/#website\"},\"datePublished\":\"2014-09-03T19:31:21+00:00\",\"dateModified\":\"2025-10-17T18:06:03+00:00\",\"description\":\"Acanto Restauraci\u00f3n is a shop-workshop in San Sebasti\u00e1n in San Sebasti\u00e1n, dedicated to restoration world and decoration and sold of vintage objects.\",\"breadcrumb\":{\"@id\":\"https:\/\/floroazqueta.com\/acanto\/#breadcrumb\"},\"inLanguage\":\"es\",\"potentialAction\":[{\"@type\":\"ReadAction\",\"target\":[\"https:\/\/floroazqueta.com\/acanto\/\"]}]},{\"@type\":\"BreadcrumbList\",\"@id\":\"https:\/\/floroazqueta.com\/acanto\/#breadcrumb\",\"itemListElement\":[{\"@type\":\"ListItem\",\"position\":1,\"name\":\"Portada\",\"item\":\"https:\/\/floroazqueta.com\/\"},{\"@type\":\"ListItem\",\"position\":2,\"name\":\"ACANTO\"}]},{\"@type\":\"WebSite\",\"@id\":\"https:\/\/floroazqueta.com\/#website\",\"url\":\"https:\/\/floroazqueta.com\/\",\"name\":\"Floro Azqueta\",\"description\":\"Food and Interior photographer &amp; filmmaker London, Barcelona, San Sebasti\u00e1n\",\"potentialAction\":[{\"@type\":\"SearchAction\",\"target\":{\"@type\":\"EntryPoint\",\"urlTemplate\":\"https:\/\/floroazqueta.com\/?s={search_term_string}\"},\"query-input\":{\"@type\":\"PropertyValueSpecification\",\"valueRequired\":true,\"valueName\":\"search_term_string\"}}],\"inLanguage\":\"es\"}]}<\/script>\n<!-- \/ Yoast SEO plugin. -->","yoast_head_json":{"title":"Acanto Restauraci\u00f3n is a shop-workshop in San Sebasti\u00e1n","description":"Acanto Restauraci\u00f3n is a shop-workshop in San Sebasti\u00e1n in San Sebasti\u00e1n, dedicated to restoration world and decoration and sold of vintage objects.","robots":{"index":"index","follow":"follow","max-snippet":"max-snippet:-1","max-image-preview":"max-image-preview:large","max-video-preview":"max-video-preview:-1"},"canonical":"https:\/\/floroazqueta.com\/acanto\/","og_locale":"es_ES","og_type":"article","og_title":"Acanto Restauraci\u00f3n is a shop-workshop in San Sebasti\u00e1n","og_description":"Acanto Restauraci\u00f3n is a shop-workshop in San Sebasti\u00e1n in San Sebasti\u00e1n, dedicated to restoration world and decoration and sold of vintage objects.","og_url":"https:\/\/floroazqueta.com\/acanto\/","og_site_name":"Floro Azqueta","article_publisher":"https:\/\/www.facebook.com\/floro.azqueta","article_modified_time":"2025-10-17T18:06:03+00:00","schema":{"@context":"https:\/\/schema.org","@graph":[{"@type":"WebPage","@id":"https:\/\/floroazqueta.com\/acanto\/","url":"https:\/\/floroazqueta.com\/acanto\/","name":"Acanto Restauraci\u00f3n is a shop-workshop in San Sebasti\u00e1n","isPartOf":{"@id":"https:\/\/floroazqueta.com\/#website"},"datePublished":"2014-09-03T19:31:21+00:00","dateModified":"2025-10-17T18:06:03+00:00","description":"Acanto Restauraci\u00f3n is a shop-workshop in San Sebasti\u00e1n in San Sebasti\u00e1n, dedicated to restoration world and decoration and sold of vintage objects.","breadcrumb":{"@id":"https:\/\/floroazqueta.com\/acanto\/#breadcrumb"},"inLanguage":"es","potentialAction":[{"@type":"ReadAction","target":["https:\/\/floroazqueta.com\/acanto\/"]}]},{"@type":"BreadcrumbList","@id":"https:\/\/floroazqueta.com\/acanto\/#breadcrumb","itemListElement":[{"@type":"ListItem","position":1,"name":"Portada","item":"https:\/\/floroazqueta.com\/"},{"@type":"ListItem","position":2,"name":"ACANTO"}]},{"@type":"WebSite","@id":"https:\/\/floroazqueta.com\/#website","url":"https:\/\/floroazqueta.com\/","name":"Floro Azqueta","description":"Food and Interior photographer &amp; filmmaker London, Barcelona, San Sebasti\u00e1n","potentialAction":[{"@type":"SearchAction","target":{"@type":"EntryPoint","urlTemplate":"https:\/\/floroazqueta.com\/?s={search_term_string}"},"query-input":{"@type":"PropertyValueSpecification","valueRequired":true,"valueName":"search_term_string"}}],"inLanguage":"es"}]}},"_links":{"self":[{"href":"https:\/\/floroazqueta.com\/es\/wp-json\/wp\/v2\/pages\/1683","targetHints":{"allow":["GET"]}}],"collection":[{"href":"https:\/\/floroazqueta.com\/es\/wp-json\/wp\/v2\/pages"}],"about":[{"href":"https:\/\/floroazqueta.com\/es\/wp-json\/wp\/v2\/types\/page"}],"author":[{"embeddable":true,"href":"https:\/\/floroazqueta.com\/es\/wp-json\/wp\/v2\/users\/1"}],"replies":[{"embeddable":true,"href":"https:\/\/floroazqueta.com\/es\/wp-json\/wp\/v2\/comments?post=1683"}],"version-history":[{"count":1,"href":"https:\/\/floroazqueta.com\/es\/wp-json\/wp\/v2\/pages\/1683\/revisions"}],"predecessor-version":[{"id":4922,"href":"https:\/\/floroazqueta.com\/es\/wp-json\/wp\/v2\/pages\/1683\/revisions\/4922"}],"wp:attachment":[{"href":"https:\/\/floroazqueta.com\/es\/wp-json\/wp\/v2\/media?parent=1683"}],"curies":[{"name":"wp","href":"https:\/\/api.w.org\/{rel}","templated":true}]}}