{"id":2955,"date":"2015-02-02T18:05:13","date_gmt":"2015-02-02T18:05:13","guid":{"rendered":"http:\/\/floroazqueta.com\/wordpress\/?page_id=2955"},"modified":"2025-10-17T19:06:28","modified_gmt":"2025-10-17T18:06:28","slug":"si-dejara-de-verla-se-moriria","status":"publish","type":"page","link":"https:\/\/floroazqueta.com\/es\/si-dejara-de-verla-se-moriria\/","title":{"rendered":"SI DEJARA DE VERLA, SE MORIRIA"},"content":{"rendered":"<p>Este trabajo pretende adentrase en la naturaleza y en el inconsciente de la mirada, en el hecho del mirar.<\/p>\n<p>\u201cNunca hay vista fija, la fisiolog\u00eda de la mirada depende de los movimientos de los ojos, a la vez movimientos incesantes e inconscientes (motilidad) y movimientos constantes y conscientes (movilidad). Tambi\u00e9n la ojeada m\u00e1s instintiva, menos controlada, es ante todo una especie de giro del propietario, un barrido completo del campo de visi\u00f3n que se consuma por la elecci\u00f3n del objeto de la mirada.\u201d (Paul Virilio)<\/p>\n<p>La imagen vista, imaginada, el rastro que deja. Si no la viera, si no la fijar\u00e1 por medio de la c\u00e1mara, de mi pensamiento, dejar\u00eda de existir, morir\u00eda. Sin embargo al registrarla, al imaginar que puedo registrar, con mi c\u00e1mara-cerebro, ese rastro, esa mirada, esa imagen no fija, en evoluci\u00f3n, hacia el futuro, pero tambi\u00e9n desde el pasado, la hago visible, le doy existencia, me conforma, me forma.<\/p>\n<p>Bajo estas premisas, la ciudad se nos presenta, con una c\u00e1mara bajo el ojo, como una ciudad mental, en cuanto a creaci\u00f3n libre, bajo una \u00f3ptica personal. Conceptos como imagen, pensamiento, movimiento, creaci\u00f3n y desarrollo, forman parte de esta forma de mirar la ciudad.<\/p>\n<p style=\"text-align: center;\">Galeria Fofogr\u00e1fica<\/p>\n<div class=\"slider_wrapper\" data-autoplay=\"0\" data-timer=\"5\">\n<div class=\"flexslider\" data-height=\"750\">\n<ul class=\"slides\">\n<li><img decoding=\"async\" src=\"https:\/\/floroazqueta.com\/wp-content\/uploads\/2015\/02\/Si-dejara-de-verla01.jpg\" alt=\"\"\/><\/li>\n<li><img decoding=\"async\" src=\"https:\/\/floroazqueta.com\/wp-content\/uploads\/2015\/02\/Si-dejara-de-verla02.jpg\" alt=\"\"\/><\/li>\n<li><img decoding=\"async\" src=\"https:\/\/floroazqueta.com\/wp-content\/uploads\/2015\/02\/Si-dejara-de-verla03.jpg\" alt=\"\"\/><\/li>\n<li><img decoding=\"async\" src=\"https:\/\/floroazqueta.com\/wp-content\/uploads\/2015\/02\/Si-dejara-de-verla04.jpg\" alt=\"\"\/><\/li>\n<li><img decoding=\"async\" src=\"https:\/\/floroazqueta.com\/wp-content\/uploads\/2015\/02\/Si-dejara-de-verla05.jpg\" alt=\"\"\/><\/li>\n<li><img decoding=\"async\" src=\"https:\/\/floroazqueta.com\/wp-content\/uploads\/2015\/02\/Si-dejara-de-verla06.jpg\" alt=\"\"\/><\/li>\n<li><img decoding=\"async\" src=\"https:\/\/floroazqueta.com\/wp-content\/uploads\/2015\/02\/Si-dejara-de-verla07.jpg\" alt=\"\"\/><\/li>\n<li><img decoding=\"async\" src=\"https:\/\/floroazqueta.com\/wp-content\/uploads\/2015\/02\/Si-dejara-de-verla08.jpg\" alt=\"\"\/><\/li>\n<li><img decoding=\"async\" src=\"https:\/\/floroazqueta.com\/wp-content\/uploads\/2015\/02\/Si-dejara-de-verla09.jpg\" alt=\"\"\/><\/li>\n<li><img decoding=\"async\" src=\"https:\/\/floroazqueta.com\/wp-content\/uploads\/2015\/02\/Si-dejara-de-verla10.jpg\" alt=\"\"\/><\/li>\n<li><img decoding=\"async\" src=\"https:\/\/floroazqueta.com\/wp-content\/uploads\/2015\/02\/FD0120.jpg\" alt=\"\"\/><\/li>\n<li><img decoding=\"async\" src=\"https:\/\/floroazqueta.com\/wp-content\/uploads\/2015\/02\/FD0121.jpg\" alt=\"\"\/><\/li>\n<li><img decoding=\"async\" src=\"https:\/\/floroazqueta.com\/wp-content\/uploads\/2015\/02\/FD0122.jpg\" alt=\"\"\/><\/li>\n<li><img decoding=\"async\" src=\"https:\/\/floroazqueta.com\/wp-content\/uploads\/2015\/02\/FD0123.jpg\" alt=\"\"\/><\/li>\n<li><img decoding=\"async\" src=\"https:\/\/floroazqueta.com\/wp-content\/uploads\/2015\/02\/F1010005.jpg\" alt=\"\"\/><\/li>\n<li><img decoding=\"async\" src=\"https:\/\/floroazqueta.com\/wp-content\/uploads\/2015\/02\/FD0125.jpg\" alt=\"\"\/><\/li>\n<li><img decoding=\"async\" src=\"https:\/\/floroazqueta.com\/wp-content\/uploads\/2015\/02\/FD0126.jpg\" alt=\"\"\/><\/li>\n<li><img decoding=\"async\" src=\"https:\/\/floroazqueta.com\/wp-content\/uploads\/2015\/02\/F1010008.jpg\" alt=\"\"\/><\/li>\n<li><img decoding=\"async\" src=\"https:\/\/floroazqueta.com\/wp-content\/uploads\/2015\/02\/FD0128.jpg\" alt=\"\"\/><\/li>\n<li><img decoding=\"async\" src=\"https:\/\/floroazqueta.com\/wp-content\/uploads\/2015\/02\/FD0129.jpg\" alt=\"\"\/><\/li>\n<li><img decoding=\"async\" src=\"https:\/\/floroazqueta.com\/wp-content\/uploads\/2015\/02\/F1010011.jpg\" alt=\"\"\/><\/li>\n<li><img decoding=\"async\" src=\"https:\/\/floroazqueta.com\/wp-content\/uploads\/2015\/02\/F1010012.jpg\" alt=\"\"\/><\/li>\n<li><img decoding=\"async\" src=\"https:\/\/floroazqueta.com\/wp-content\/uploads\/2015\/02\/FD0052.jpg\" alt=\"\"\/><\/li>\n<li><img decoding=\"async\" src=\"https:\/\/floroazqueta.com\/wp-content\/uploads\/2015\/02\/FD0074.jpg\" alt=\"\"\/><\/li>\n<li><img decoding=\"async\" src=\"https:\/\/floroazqueta.com\/wp-content\/uploads\/2015\/02\/FD0083.jpg\" alt=\"\"\/><\/li>\n<li><img decoding=\"async\" src=\"https:\/\/floroazqueta.com\/wp-content\/uploads\/2015\/02\/FD0080.jpg\" alt=\"\"\/><\/li>\n<li><img decoding=\"async\" src=\"https:\/\/floroazqueta.com\/wp-content\/uploads\/2015\/02\/FD0051.jpg\" alt=\"\"\/><\/li>\n<li><img decoding=\"async\" src=\"https:\/\/floroazqueta.com\/wp-content\/uploads\/2015\/02\/FD0084.jpg\" alt=\"\"\/><\/li>\n<li><img decoding=\"async\" src=\"https:\/\/floroazqueta.com\/wp-content\/uploads\/2015\/02\/FD0091.jpg\" alt=\"\"\/><\/li>\n<li><img decoding=\"async\" src=\"https:\/\/floroazqueta.com\/wp-content\/uploads\/2015\/02\/FD0089.jpg\" alt=\"\"\/><\/li>\n<li><img decoding=\"async\" src=\"https:\/\/floroazqueta.com\/wp-content\/uploads\/2015\/02\/FD0092.jpg\" alt=\"\"\/><\/li>\n<li><img decoding=\"async\" src=\"https:\/\/floroazqueta.com\/wp-content\/uploads\/2015\/02\/FD0098.jpg\" alt=\"\"\/><\/li>\n<li><img decoding=\"async\" src=\"https:\/\/floroazqueta.com\/wp-content\/uploads\/2015\/02\/FD0099.jpg\" alt=\"\"\/><\/li>\n<li><img decoding=\"async\" src=\"https:\/\/floroazqueta.com\/wp-content\/uploads\/2015\/02\/FD0100.jpg\" alt=\"\"\/><\/li>\n<li><img decoding=\"async\" src=\"https:\/\/floroazqueta.com\/wp-content\/uploads\/2015\/02\/FD0108.jpg\" alt=\"\"\/><\/li>\n<li><img decoding=\"async\" src=\"https:\/\/floroazqueta.com\/wp-content\/uploads\/2015\/02\/FD0103.jpg\" alt=\"\"\/><\/li>\n<li><img decoding=\"async\" src=\"https:\/\/floroazqueta.com\/wp-content\/uploads\/2015\/02\/FD0110.jpg\" alt=\"\"\/><\/li>\n<\/ul>\n<\/div>\n<\/div>\n<p>&nbsp;<\/p>\n<p style=\"text-align: center;\">Video<\/p>\n<p>&nbsp;<\/p>\n<div class=\"video-container\"><iframe loading=\"lazy\" src=\"https:\/\/player.vimeo.com\/video\/59640461?title=0&amp;byline=0&amp;portrait=0\" width=\"959\" height=\"539\"><\/iframe><\/div>\n","protected":false},"excerpt":{"rendered":"<p>Este trabajo pretende adentrase en la naturaleza y en el inconsciente de la mirada, en el hecho del mirar. \u201cNunca hay vista fija, la fisiolog\u00eda de la mirada depende de los movimientos de los ojos, a la vez movimientos incesantes e inconscientes (motilidad) y movimientos constantes y conscientes (movilidad). Tambi\u00e9n la ojeada m\u00e1s instintiva, menos [&hellip;]<\/p>\n","protected":false},"author":1,"featured_media":0,"parent":0,"menu_order":0,"comment_status":"closed","ping_status":"open","template":"","meta":{"footnotes":""},"class_list":["post-2955","page","type-page","status-publish","hentry"],"yoast_head":"<!-- This site is optimized with the Yoast SEO plugin v26.7 - https:\/\/yoast.com\/wordpress\/plugins\/seo\/ -->\n<title>SI DEJARA DE VERLA, SE MORIRIA<\/title>\n<meta name=\"description\" content=\"SI DEJARA DE VERLA, SE MORIRIA\" \/>\n<meta name=\"robots\" content=\"index, follow, max-snippet:-1, max-image-preview:large, max-video-preview:-1\" \/>\n<link rel=\"canonical\" href=\"https:\/\/floroazqueta.com\/si-dejara-de-verla-se-moriria\/\" \/>\n<meta property=\"og:locale\" content=\"es_ES\" \/>\n<meta property=\"og:type\" content=\"article\" \/>\n<meta property=\"og:title\" content=\"SI DEJARA DE VERLA, SE MORIRIA\" \/>\n<meta property=\"og:description\" content=\"SI DEJARA DE VERLA, SE MORIRIA\" \/>\n<meta property=\"og:url\" content=\"https:\/\/floroazqueta.com\/si-dejara-de-verla-se-moriria\/\" \/>\n<meta property=\"og:site_name\" content=\"Floro Azqueta\" \/>\n<meta property=\"article:publisher\" content=\"https:\/\/www.facebook.com\/floro.azqueta\" \/>\n<meta property=\"article:modified_time\" content=\"2025-10-17T18:06:28+00:00\" \/>\n<meta name=\"twitter:label1\" content=\"Tiempo de lectura\" \/>\n\t<meta name=\"twitter:data1\" content=\"2 minutos\" \/>\n<script type=\"application\/ld+json\" class=\"yoast-schema-graph\">{\"@context\":\"https:\/\/schema.org\",\"@graph\":[{\"@type\":\"WebPage\",\"@id\":\"https:\/\/floroazqueta.com\/si-dejara-de-verla-se-moriria\/\",\"url\":\"https:\/\/floroazqueta.com\/si-dejara-de-verla-se-moriria\/\",\"name\":\"SI DEJARA DE VERLA, SE MORIRIA\",\"isPartOf\":{\"@id\":\"https:\/\/floroazqueta.com\/#website\"},\"datePublished\":\"2015-02-02T18:05:13+00:00\",\"dateModified\":\"2025-10-17T18:06:28+00:00\",\"description\":\"SI DEJARA DE VERLA, SE MORIRIA\",\"breadcrumb\":{\"@id\":\"https:\/\/floroazqueta.com\/si-dejara-de-verla-se-moriria\/#breadcrumb\"},\"inLanguage\":\"es\",\"potentialAction\":[{\"@type\":\"ReadAction\",\"target\":[\"https:\/\/floroazqueta.com\/si-dejara-de-verla-se-moriria\/\"]}]},{\"@type\":\"BreadcrumbList\",\"@id\":\"https:\/\/floroazqueta.com\/si-dejara-de-verla-se-moriria\/#breadcrumb\",\"itemListElement\":[{\"@type\":\"ListItem\",\"position\":1,\"name\":\"Portada\",\"item\":\"https:\/\/floroazqueta.com\/\"},{\"@type\":\"ListItem\",\"position\":2,\"name\":\"SI DEJARA DE VERLA, SE MORIRIA\"}]},{\"@type\":\"WebSite\",\"@id\":\"https:\/\/floroazqueta.com\/#website\",\"url\":\"https:\/\/floroazqueta.com\/\",\"name\":\"Floro Azqueta\",\"description\":\"Food and Interior photographer &amp; filmmaker London, Barcelona, San Sebasti\u00e1n\",\"potentialAction\":[{\"@type\":\"SearchAction\",\"target\":{\"@type\":\"EntryPoint\",\"urlTemplate\":\"https:\/\/floroazqueta.com\/?s={search_term_string}\"},\"query-input\":{\"@type\":\"PropertyValueSpecification\",\"valueRequired\":true,\"valueName\":\"search_term_string\"}}],\"inLanguage\":\"es\"}]}<\/script>\n<!-- \/ Yoast SEO plugin. -->","yoast_head_json":{"title":"SI DEJARA DE VERLA, SE MORIRIA","description":"SI DEJARA DE VERLA, SE MORIRIA","robots":{"index":"index","follow":"follow","max-snippet":"max-snippet:-1","max-image-preview":"max-image-preview:large","max-video-preview":"max-video-preview:-1"},"canonical":"https:\/\/floroazqueta.com\/si-dejara-de-verla-se-moriria\/","og_locale":"es_ES","og_type":"article","og_title":"SI DEJARA DE VERLA, SE MORIRIA","og_description":"SI DEJARA DE VERLA, SE MORIRIA","og_url":"https:\/\/floroazqueta.com\/si-dejara-de-verla-se-moriria\/","og_site_name":"Floro Azqueta","article_publisher":"https:\/\/www.facebook.com\/floro.azqueta","article_modified_time":"2025-10-17T18:06:28+00:00","twitter_misc":{"Tiempo de lectura":"2 minutos"},"schema":{"@context":"https:\/\/schema.org","@graph":[{"@type":"WebPage","@id":"https:\/\/floroazqueta.com\/si-dejara-de-verla-se-moriria\/","url":"https:\/\/floroazqueta.com\/si-dejara-de-verla-se-moriria\/","name":"SI DEJARA DE VERLA, SE MORIRIA","isPartOf":{"@id":"https:\/\/floroazqueta.com\/#website"},"datePublished":"2015-02-02T18:05:13+00:00","dateModified":"2025-10-17T18:06:28+00:00","description":"SI DEJARA DE VERLA, SE MORIRIA","breadcrumb":{"@id":"https:\/\/floroazqueta.com\/si-dejara-de-verla-se-moriria\/#breadcrumb"},"inLanguage":"es","potentialAction":[{"@type":"ReadAction","target":["https:\/\/floroazqueta.com\/si-dejara-de-verla-se-moriria\/"]}]},{"@type":"BreadcrumbList","@id":"https:\/\/floroazqueta.com\/si-dejara-de-verla-se-moriria\/#breadcrumb","itemListElement":[{"@type":"ListItem","position":1,"name":"Portada","item":"https:\/\/floroazqueta.com\/"},{"@type":"ListItem","position":2,"name":"SI DEJARA DE VERLA, SE MORIRIA"}]},{"@type":"WebSite","@id":"https:\/\/floroazqueta.com\/#website","url":"https:\/\/floroazqueta.com\/","name":"Floro Azqueta","description":"Food and Interior photographer &amp; filmmaker London, Barcelona, San Sebasti\u00e1n","potentialAction":[{"@type":"SearchAction","target":{"@type":"EntryPoint","urlTemplate":"https:\/\/floroazqueta.com\/?s={search_term_string}"},"query-input":{"@type":"PropertyValueSpecification","valueRequired":true,"valueName":"search_term_string"}}],"inLanguage":"es"}]}},"_links":{"self":[{"href":"https:\/\/floroazqueta.com\/es\/wp-json\/wp\/v2\/pages\/2955","targetHints":{"allow":["GET"]}}],"collection":[{"href":"https:\/\/floroazqueta.com\/es\/wp-json\/wp\/v2\/pages"}],"about":[{"href":"https:\/\/floroazqueta.com\/es\/wp-json\/wp\/v2\/types\/page"}],"author":[{"embeddable":true,"href":"https:\/\/floroazqueta.com\/es\/wp-json\/wp\/v2\/users\/1"}],"replies":[{"embeddable":true,"href":"https:\/\/floroazqueta.com\/es\/wp-json\/wp\/v2\/comments?post=2955"}],"version-history":[{"count":1,"href":"https:\/\/floroazqueta.com\/es\/wp-json\/wp\/v2\/pages\/2955\/revisions"}],"predecessor-version":[{"id":4889,"href":"https:\/\/floroazqueta.com\/es\/wp-json\/wp\/v2\/pages\/2955\/revisions\/4889"}],"wp:attachment":[{"href":"https:\/\/floroazqueta.com\/es\/wp-json\/wp\/v2\/media?parent=2955"}],"curies":[{"name":"wp","href":"https:\/\/api.w.org\/{rel}","templated":true}]}}