{"id":3027,"date":"2015-02-02T20:45:00","date_gmt":"2015-02-02T20:45:00","guid":{"rendered":"http:\/\/floroazqueta.com\/wordpress\/?page_id=3027"},"modified":"2025-10-17T19:06:27","modified_gmt":"2025-10-17T18:06:27","slug":"head-house","status":"publish","type":"page","link":"https:\/\/floroazqueta.com\/es\/head-house\/","title":{"rendered":"THE HEAD OF OUR HOUSE"},"content":{"rendered":"<p><p style=\"text-align: left;\">Las azoteas de nuestras casas son lugares de nuestros espacios cercanos que apenas visitamos o vemos. Cada uno con su idiosincrasia nos ense\u00f1an de las diferencias en la construcci\u00f3n y de la vida misma. En el l\u00edmite del skyline de nuestras ciudades, el paisaje delimitador, con sus diferentes contornos y sombras nos hacen creer todav\u00eda en la diferencia. Son espacios privados con un gran componente p\u00fablico, al poder ser observados desde la distancia.<\/p>\n<p style=\"text-align: left;\">La visi\u00f3n de una serie, de un trabajo fotogr\u00e1fico sobre un tema concreto, nos hace ver o pensar sobre una realidad muchas veces ignorada a pesar de formar parte de \u201cnuestras cabezas\u201d. Esa \u201cvisi\u00f3n\u201d mostrada, recogida, encuadrada, repetida, nos ense\u00f1a la diferencia, fuente de nuevas creaciones, de nuevas realidades.<\/p>\n<p style=\"text-align: center;\">Galer\u00eda<\/p>\n<p style=\"text-align: center;\">\n<div class=\"slider_wrapper\" data-autoplay=\"0\" data-timer=\"5\">\n<div class=\"flexslider\" data-height=\"750\">\n<ul class=\"slides\">\n<li><img decoding=\"async\" src=\"https:\/\/floroazqueta.com\/wp-content\/uploads\/2015\/02\/Encima-de-nuestras-cabezas.01.jpg\" alt=\"fine art photography\"\/><\/li>\n<li><img decoding=\"async\" src=\"https:\/\/floroazqueta.com\/wp-content\/uploads\/2015\/02\/Encima-de-nuestras-cabezas.02.jpg\" alt=\"fine art photography\"\/><\/li>\n<li><img decoding=\"async\" src=\"https:\/\/floroazqueta.com\/wp-content\/uploads\/2015\/02\/Encima-de-nuestras-cabezas.04.jpg\" alt=\"fine art photography\"\/><\/li>\n<li><img decoding=\"async\" src=\"https:\/\/floroazqueta.com\/wp-content\/uploads\/2015\/02\/Encima-de-nuestras-cabezas.05.jpg\" alt=\"fine art photography\"\/><\/li>\n<li><img decoding=\"async\" src=\"https:\/\/floroazqueta.com\/wp-content\/uploads\/2015\/02\/Encima-de-nuestras-cabezas.06.jpg\" alt=\"fine art photography\"\/><\/li>\n<li><img decoding=\"async\" src=\"https:\/\/floroazqueta.com\/wp-content\/uploads\/2015\/02\/Encima-de-nuestras-cabezas.03-e1462468627869.jpg\" alt=\"fine art photography\"\/><\/li>\n<li><img decoding=\"async\" src=\"https:\/\/floroazqueta.com\/wp-content\/uploads\/2015\/02\/Encima-de-nuestras-cabezas.07.jpg\" alt=\"fine art photography\"\/><\/li>\n<li><img decoding=\"async\" src=\"https:\/\/floroazqueta.com\/wp-content\/uploads\/2015\/02\/Encima-de-nuestras-cabezas.08.jpg\" alt=\"fine art photography\"\/><\/li>\n<li><img decoding=\"async\" src=\"https:\/\/floroazqueta.com\/wp-content\/uploads\/2015\/02\/Encima-de-nuestras-cabezas.10.jpg\" alt=\"fine art photography\"\/><\/li>\n<li><img decoding=\"async\" src=\"https:\/\/floroazqueta.com\/wp-content\/uploads\/2015\/02\/Encima-de-nuestras-cabezas.09.jpg\" alt=\"fine art photography\"\/><\/li>\n<li><img decoding=\"async\" src=\"https:\/\/floroazqueta.com\/wp-content\/uploads\/2015\/02\/Encima-de-nuestras-cabezas.12.jpg\" alt=\"fine art photography\"\/><\/li>\n<li><img decoding=\"async\" src=\"https:\/\/floroazqueta.com\/wp-content\/uploads\/2015\/02\/Encima-de-nuestras-cabezas.11.jpg\" alt=\"fine art photography\"\/><\/li>\n<li><img decoding=\"async\" src=\"https:\/\/floroazqueta.com\/wp-content\/uploads\/2015\/02\/Encima-de-nuestras-cabezas.13.jpg\" alt=\"fine art photography\"\/><\/li>\n<li><img decoding=\"async\" src=\"https:\/\/floroazqueta.com\/wp-content\/uploads\/2015\/02\/Encima-de-nuestras-cabezas.14.jpg\" alt=\"fine art photography\"\/><\/li>\n<\/ul>\n<\/div>\n<\/div>\n<p style=\"text-align: center;\">\n","protected":false},"excerpt":{"rendered":"<p>Las azoteas de nuestras casas son lugares de nuestros espacios cercanos que apenas visitamos o vemos. Cada uno con su idiosincrasia nos ense\u00f1an de las diferencias en la construcci\u00f3n y de la vida misma. En el l\u00edmite del skyline de nuestras ciudades, el paisaje delimitador, con sus diferentes contornos y sombras nos hacen creer todav\u00eda [&hellip;]<\/p>\n","protected":false},"author":1,"featured_media":0,"parent":0,"menu_order":0,"comment_status":"closed","ping_status":"open","template":"","meta":{"footnotes":""},"class_list":["post-3027","page","type-page","status-publish","hentry"],"yoast_head":"<!-- This site is optimized with the Yoast SEO plugin v26.7 - https:\/\/yoast.com\/wordpress\/plugins\/seo\/ -->\n<title>THE HEAD OF OUR HOUSE<\/title>\n<meta name=\"description\" content=\"Las azoteas de nuestras casas son lugares de nuestros espacios cercanos que apenas visitamos o vemos\" \/>\n<meta name=\"robots\" content=\"index, follow, max-snippet:-1, max-image-preview:large, max-video-preview:-1\" \/>\n<link rel=\"canonical\" href=\"https:\/\/floroazqueta.com\/head-house\/\" \/>\n<meta property=\"og:locale\" content=\"es_ES\" \/>\n<meta property=\"og:type\" content=\"article\" \/>\n<meta property=\"og:title\" content=\"THE HEAD OF OUR HOUSE\" \/>\n<meta property=\"og:description\" content=\"Las azoteas de nuestras casas son lugares de nuestros espacios cercanos que apenas visitamos o vemos\" \/>\n<meta property=\"og:url\" content=\"https:\/\/floroazqueta.com\/head-house\/\" \/>\n<meta property=\"og:site_name\" content=\"Floro Azqueta\" \/>\n<meta property=\"article:publisher\" content=\"https:\/\/www.facebook.com\/floro.azqueta\" \/>\n<meta property=\"article:modified_time\" content=\"2025-10-17T18:06:27+00:00\" \/>\n<meta name=\"twitter:label1\" content=\"Tiempo de lectura\" \/>\n\t<meta name=\"twitter:data1\" content=\"1 minuto\" \/>\n<script type=\"application\/ld+json\" class=\"yoast-schema-graph\">{\"@context\":\"https:\/\/schema.org\",\"@graph\":[{\"@type\":\"WebPage\",\"@id\":\"https:\/\/floroazqueta.com\/head-house\/\",\"url\":\"https:\/\/floroazqueta.com\/head-house\/\",\"name\":\"THE HEAD OF OUR HOUSE\",\"isPartOf\":{\"@id\":\"https:\/\/floroazqueta.com\/#website\"},\"datePublished\":\"2015-02-02T20:45:00+00:00\",\"dateModified\":\"2025-10-17T18:06:27+00:00\",\"description\":\"Las azoteas de nuestras casas son lugares de nuestros espacios cercanos que apenas visitamos o vemos\",\"breadcrumb\":{\"@id\":\"https:\/\/floroazqueta.com\/head-house\/#breadcrumb\"},\"inLanguage\":\"es\",\"potentialAction\":[{\"@type\":\"ReadAction\",\"target\":[\"https:\/\/floroazqueta.com\/head-house\/\"]}]},{\"@type\":\"BreadcrumbList\",\"@id\":\"https:\/\/floroazqueta.com\/head-house\/#breadcrumb\",\"itemListElement\":[{\"@type\":\"ListItem\",\"position\":1,\"name\":\"Portada\",\"item\":\"https:\/\/floroazqueta.com\/\"},{\"@type\":\"ListItem\",\"position\":2,\"name\":\"THE HEAD OF OUR HOUSE\"}]},{\"@type\":\"WebSite\",\"@id\":\"https:\/\/floroazqueta.com\/#website\",\"url\":\"https:\/\/floroazqueta.com\/\",\"name\":\"Floro Azqueta\",\"description\":\"Food and Interior photographer &amp; filmmaker London, Barcelona, San Sebasti\u00e1n\",\"potentialAction\":[{\"@type\":\"SearchAction\",\"target\":{\"@type\":\"EntryPoint\",\"urlTemplate\":\"https:\/\/floroazqueta.com\/?s={search_term_string}\"},\"query-input\":{\"@type\":\"PropertyValueSpecification\",\"valueRequired\":true,\"valueName\":\"search_term_string\"}}],\"inLanguage\":\"es\"}]}<\/script>\n<!-- \/ Yoast SEO plugin. -->","yoast_head_json":{"title":"THE HEAD OF OUR HOUSE","description":"Las azoteas de nuestras casas son lugares de nuestros espacios cercanos que apenas visitamos o vemos","robots":{"index":"index","follow":"follow","max-snippet":"max-snippet:-1","max-image-preview":"max-image-preview:large","max-video-preview":"max-video-preview:-1"},"canonical":"https:\/\/floroazqueta.com\/head-house\/","og_locale":"es_ES","og_type":"article","og_title":"THE HEAD OF OUR HOUSE","og_description":"Las azoteas de nuestras casas son lugares de nuestros espacios cercanos que apenas visitamos o vemos","og_url":"https:\/\/floroazqueta.com\/head-house\/","og_site_name":"Floro Azqueta","article_publisher":"https:\/\/www.facebook.com\/floro.azqueta","article_modified_time":"2025-10-17T18:06:27+00:00","twitter_misc":{"Tiempo de lectura":"1 minuto"},"schema":{"@context":"https:\/\/schema.org","@graph":[{"@type":"WebPage","@id":"https:\/\/floroazqueta.com\/head-house\/","url":"https:\/\/floroazqueta.com\/head-house\/","name":"THE HEAD OF OUR HOUSE","isPartOf":{"@id":"https:\/\/floroazqueta.com\/#website"},"datePublished":"2015-02-02T20:45:00+00:00","dateModified":"2025-10-17T18:06:27+00:00","description":"Las azoteas de nuestras casas son lugares de nuestros espacios cercanos que apenas visitamos o vemos","breadcrumb":{"@id":"https:\/\/floroazqueta.com\/head-house\/#breadcrumb"},"inLanguage":"es","potentialAction":[{"@type":"ReadAction","target":["https:\/\/floroazqueta.com\/head-house\/"]}]},{"@type":"BreadcrumbList","@id":"https:\/\/floroazqueta.com\/head-house\/#breadcrumb","itemListElement":[{"@type":"ListItem","position":1,"name":"Portada","item":"https:\/\/floroazqueta.com\/"},{"@type":"ListItem","position":2,"name":"THE HEAD OF OUR HOUSE"}]},{"@type":"WebSite","@id":"https:\/\/floroazqueta.com\/#website","url":"https:\/\/floroazqueta.com\/","name":"Floro Azqueta","description":"Food and Interior photographer &amp; filmmaker London, Barcelona, San Sebasti\u00e1n","potentialAction":[{"@type":"SearchAction","target":{"@type":"EntryPoint","urlTemplate":"https:\/\/floroazqueta.com\/?s={search_term_string}"},"query-input":{"@type":"PropertyValueSpecification","valueRequired":true,"valueName":"search_term_string"}}],"inLanguage":"es"}]}},"_links":{"self":[{"href":"https:\/\/floroazqueta.com\/es\/wp-json\/wp\/v2\/pages\/3027","targetHints":{"allow":["GET"]}}],"collection":[{"href":"https:\/\/floroazqueta.com\/es\/wp-json\/wp\/v2\/pages"}],"about":[{"href":"https:\/\/floroazqueta.com\/es\/wp-json\/wp\/v2\/types\/page"}],"author":[{"embeddable":true,"href":"https:\/\/floroazqueta.com\/es\/wp-json\/wp\/v2\/users\/1"}],"replies":[{"embeddable":true,"href":"https:\/\/floroazqueta.com\/es\/wp-json\/wp\/v2\/comments?post=3027"}],"version-history":[{"count":1,"href":"https:\/\/floroazqueta.com\/es\/wp-json\/wp\/v2\/pages\/3027\/revisions"}],"predecessor-version":[{"id":4886,"href":"https:\/\/floroazqueta.com\/es\/wp-json\/wp\/v2\/pages\/3027\/revisions\/4886"}],"wp:attachment":[{"href":"https:\/\/floroazqueta.com\/es\/wp-json\/wp\/v2\/media?parent=3027"}],"curies":[{"name":"wp","href":"https:\/\/api.w.org\/{rel}","templated":true}]}}