{"id":340,"date":"2014-07-16T16:40:53","date_gmt":"2014-07-16T16:40:53","guid":{"rendered":"http:\/\/floroazqueta.com\/wordpress\/?page_id=340"},"modified":"2026-02-10T09:03:12","modified_gmt":"2026-02-10T09:03:12","slug":"about-floro","status":"publish","type":"page","link":"https:\/\/floroazqueta.com\/es\/about-floro\/","title":{"rendered":"ACERCA DE FLORO"},"content":{"rendered":"<p style=\"text-align: left;\"><a href=\"http:\/\/floroazqueta.com\/wp-content\/uploads\/2014\/07\/About-Floro-Azqueta.web_.jpg\"><img loading=\"lazy\" decoding=\"async\" class=\"aligncenter size-full wp-image-4067\" src=\"https:\/\/floroazqueta.com\/wp-content\/uploads\/2018\/03\/Olive-Oil-e1519904436656.jpg\" alt=\"\" width=\"1000\" height=\"772\" srcset=\"https:\/\/floroazqueta.com\/wp-content\/uploads\/2018\/03\/Olive-Oil-e1519904436656.jpg 1000w, https:\/\/floroazqueta.com\/wp-content\/uploads\/2018\/03\/Olive-Oil-e1519904436656-300x232.jpg 300w, https:\/\/floroazqueta.com\/wp-content\/uploads\/2018\/03\/Olive-Oil-e1519904436656-768x593.jpg 768w, https:\/\/floroazqueta.com\/wp-content\/uploads\/2018\/03\/Olive-Oil-e1519904436656-485x374.jpg 485w, https:\/\/floroazqueta.com\/wp-content\/uploads\/2018\/03\/Olive-Oil-e1519904436656-960x741.jpg 960w\" sizes=\"auto, (max-width: 1000px) 100vw, 1000px\" \/><\/a><\/p>\n<p style=\"text-align: left;\">Floro Azqueta nace en San Sebasti\u00e1n. Estudia fotograf\u00eda en Madrid y Barcelona. Actualmente vive y trabaja entre Londres, San Sebasti\u00e1n y Barcelona.<\/p>\n<p style=\"text-align: left;\">Especialista en fotograf\u00eda gastron\u00f3mica, ha realizado varios libros y trabajado en diferentes revistas, resturantes y firmas del sector, ya sea a trav\u00e9s de agencias de publicidad o como clientes directos. La arquitectura, el urbanismo y el interiorismo, son otros campos que domina, trabajando para arquitectos, hoteles, interioristas y para el ayuntamiento de Barcelona.<\/p>\n<p style=\"text-align: left;\">Floro tiene una\u00a0t\u00e9cnica depurada, para poder a si desarrollar y centrarse en las necesidades creativas y de concepto que cada fotograf\u00eda y producci\u00f3n necesita.<\/p>\n<p style=\"text-align: left;\">En su trabajo como Filmmaker o vide\u00f3grafo se aprecia un inter\u00e9s por los temas bien contados, con unas tomas y fotograf\u00eda cuidadas que beben de una tradici\u00f3n cinematogr\u00e1fica e independiente. El documental es una de sus pasiones.<\/p>\n<p style=\"text-align: left;\"><span style=\"line-height: 1.5;\">Su trabajo comercial con la c\u00e1mara se complementa con un trabajo dentro del \u00e1mbito art\u00edstico. Se le concedi\u00f3 una beca a la creaci\u00f3n art\u00edstica por parte de la Diputaci\u00f3n Foral de Gipuzkoa. Ha expuesto en numerosas galer\u00edas e instituciones: Arteleku (S.Sebasti\u00e1n), Koldo Michelena (S.Sebasti\u00e1n), Galer\u00eda Visor (Valencia), Museo de arte Contempor\u00e1neo MACBA (Barcelona), sala Metronom (Barcelona), entre otros.<\/span><\/p>\n<p style=\"text-align: left;\">Tel\u00e9fono de contacto:<\/p>\n<p style=\"text-align: left;\">Espa\u00f1a +34 678 428 217<\/p>\n<p style=\"text-align: left;\">Inglaterra +44(0)74 73037437<\/p>\n<p style=\"text-align: left;\">\n<p style=\"text-align: left;\">\n","protected":false},"excerpt":{"rendered":"<p>Floro Azqueta nace en San Sebasti\u00e1n. Estudia fotograf\u00eda en Madrid y Barcelona. Actualmente vive y trabaja entre Londres, San Sebasti\u00e1n y Barcelona. Especialista en fotograf\u00eda gastron\u00f3mica, ha realizado varios libros y trabajado en diferentes revistas, resturantes y firmas del sector, ya sea a trav\u00e9s de agencias de publicidad o como clientes directos. La arquitectura, el [&hellip;]<\/p>\n","protected":false},"author":1,"featured_media":0,"parent":0,"menu_order":0,"comment_status":"closed","ping_status":"open","template":"","meta":{"footnotes":""},"class_list":["post-340","page","type-page","status-publish","hentry"],"yoast_head":"<!-- This site is optimized with the Yoast SEO plugin v26.7 - https:\/\/yoast.com\/wordpress\/plugins\/seo\/ -->\n<title>About floro azqueta<\/title>\n<meta name=\"description\" content=\"About floro azqueta. Phood photographer in London and San Sebastian-Filmmaker in London and San Sebasti\u00e1n-Interior photographer in London and San Sebasti\u00e1n\" \/>\n<meta name=\"robots\" content=\"index, follow, max-snippet:-1, max-image-preview:large, max-video-preview:-1\" \/>\n<link rel=\"canonical\" href=\"https:\/\/floroazqueta.com\/about-floro\/\" \/>\n<meta property=\"og:locale\" content=\"es_ES\" \/>\n<meta property=\"og:type\" content=\"article\" \/>\n<meta property=\"og:title\" content=\"About floro azqueta\" \/>\n<meta property=\"og:description\" content=\"About floro azqueta. Phood photographer in London and San Sebastian-Filmmaker in London and San Sebasti\u00e1n-Interior photographer in London and San Sebasti\u00e1n\" \/>\n<meta property=\"og:url\" content=\"https:\/\/floroazqueta.com\/about-floro\/\" \/>\n<meta property=\"og:site_name\" content=\"Floro Azqueta\" \/>\n<meta property=\"article:publisher\" content=\"https:\/\/www.facebook.com\/floro.azqueta\" \/>\n<meta property=\"article:modified_time\" content=\"2026-02-10T09:03:12+00:00\" \/>\n<meta property=\"og:image\" content=\"https:\/\/floroazqueta.com\/wp-content\/uploads\/2018\/03\/Olive-Oil-e1519904436656.jpg\" \/>\n\t<meta property=\"og:image:width\" content=\"1000\" \/>\n\t<meta property=\"og:image:height\" content=\"772\" \/>\n\t<meta property=\"og:image:type\" content=\"image\/jpeg\" \/>\n<meta name=\"twitter:label1\" content=\"Tiempo de lectura\" \/>\n\t<meta name=\"twitter:data1\" content=\"3 minutos\" \/>\n<script type=\"application\/ld+json\" class=\"yoast-schema-graph\">{\"@context\":\"https:\/\/schema.org\",\"@graph\":[{\"@type\":\"WebPage\",\"@id\":\"https:\/\/floroazqueta.com\/about-floro\/\",\"url\":\"https:\/\/floroazqueta.com\/about-floro\/\",\"name\":\"About floro azqueta\",\"isPartOf\":{\"@id\":\"https:\/\/floroazqueta.com\/#website\"},\"primaryImageOfPage\":{\"@id\":\"https:\/\/floroazqueta.com\/about-floro\/#primaryimage\"},\"image\":{\"@id\":\"https:\/\/floroazqueta.com\/about-floro\/#primaryimage\"},\"thumbnailUrl\":\"https:\/\/floroazqueta.com\/wp-content\/uploads\/2018\/03\/Olive-Oil-e1519904436656.jpg\",\"datePublished\":\"2014-07-16T16:40:53+00:00\",\"dateModified\":\"2026-02-10T09:03:12+00:00\",\"description\":\"About floro azqueta. Phood photographer in London and San Sebastian-Filmmaker in London and San Sebasti\u00e1n-Interior photographer in London and San Sebasti\u00e1n\",\"breadcrumb\":{\"@id\":\"https:\/\/floroazqueta.com\/about-floro\/#breadcrumb\"},\"inLanguage\":\"es\",\"potentialAction\":[{\"@type\":\"ReadAction\",\"target\":[\"https:\/\/floroazqueta.com\/about-floro\/\"]}]},{\"@type\":\"ImageObject\",\"inLanguage\":\"es\",\"@id\":\"https:\/\/floroazqueta.com\/about-floro\/#primaryimage\",\"url\":\"https:\/\/floroazqueta.com\/wp-content\/uploads\/2018\/03\/Olive-Oil-e1519904436656.jpg\",\"contentUrl\":\"https:\/\/floroazqueta.com\/wp-content\/uploads\/2018\/03\/Olive-Oil-e1519904436656.jpg\"},{\"@type\":\"BreadcrumbList\",\"@id\":\"https:\/\/floroazqueta.com\/about-floro\/#breadcrumb\",\"itemListElement\":[{\"@type\":\"ListItem\",\"position\":1,\"name\":\"Portada\",\"item\":\"https:\/\/floroazqueta.com\/\"},{\"@type\":\"ListItem\",\"position\":2,\"name\":\"ABOUT FLORO\"}]},{\"@type\":\"WebSite\",\"@id\":\"https:\/\/floroazqueta.com\/#website\",\"url\":\"https:\/\/floroazqueta.com\/\",\"name\":\"Floro Azqueta\",\"description\":\"Food and Interior photographer &amp; filmmaker London, Barcelona, San Sebasti\u00e1n\",\"potentialAction\":[{\"@type\":\"SearchAction\",\"target\":{\"@type\":\"EntryPoint\",\"urlTemplate\":\"https:\/\/floroazqueta.com\/?s={search_term_string}\"},\"query-input\":{\"@type\":\"PropertyValueSpecification\",\"valueRequired\":true,\"valueName\":\"search_term_string\"}}],\"inLanguage\":\"es\"}]}<\/script>\n<!-- \/ Yoast SEO plugin. -->","yoast_head_json":{"title":"About floro azqueta","description":"About floro azqueta. Phood photographer in London and San Sebastian-Filmmaker in London and San Sebasti\u00e1n-Interior photographer in London and San Sebasti\u00e1n","robots":{"index":"index","follow":"follow","max-snippet":"max-snippet:-1","max-image-preview":"max-image-preview:large","max-video-preview":"max-video-preview:-1"},"canonical":"https:\/\/floroazqueta.com\/about-floro\/","og_locale":"es_ES","og_type":"article","og_title":"About floro azqueta","og_description":"About floro azqueta. Phood photographer in London and San Sebastian-Filmmaker in London and San Sebasti\u00e1n-Interior photographer in London and San Sebasti\u00e1n","og_url":"https:\/\/floroazqueta.com\/about-floro\/","og_site_name":"Floro Azqueta","article_publisher":"https:\/\/www.facebook.com\/floro.azqueta","article_modified_time":"2026-02-10T09:03:12+00:00","og_image":[{"width":1000,"height":772,"url":"https:\/\/floroazqueta.com\/wp-content\/uploads\/2018\/03\/Olive-Oil-e1519904436656.jpg","type":"image\/jpeg"}],"twitter_misc":{"Tiempo de lectura":"3 minutos"},"schema":{"@context":"https:\/\/schema.org","@graph":[{"@type":"WebPage","@id":"https:\/\/floroazqueta.com\/about-floro\/","url":"https:\/\/floroazqueta.com\/about-floro\/","name":"About floro azqueta","isPartOf":{"@id":"https:\/\/floroazqueta.com\/#website"},"primaryImageOfPage":{"@id":"https:\/\/floroazqueta.com\/about-floro\/#primaryimage"},"image":{"@id":"https:\/\/floroazqueta.com\/about-floro\/#primaryimage"},"thumbnailUrl":"https:\/\/floroazqueta.com\/wp-content\/uploads\/2018\/03\/Olive-Oil-e1519904436656.jpg","datePublished":"2014-07-16T16:40:53+00:00","dateModified":"2026-02-10T09:03:12+00:00","description":"About floro azqueta. Phood photographer in London and San Sebastian-Filmmaker in London and San Sebasti\u00e1n-Interior photographer in London and San Sebasti\u00e1n","breadcrumb":{"@id":"https:\/\/floroazqueta.com\/about-floro\/#breadcrumb"},"inLanguage":"es","potentialAction":[{"@type":"ReadAction","target":["https:\/\/floroazqueta.com\/about-floro\/"]}]},{"@type":"ImageObject","inLanguage":"es","@id":"https:\/\/floroazqueta.com\/about-floro\/#primaryimage","url":"https:\/\/floroazqueta.com\/wp-content\/uploads\/2018\/03\/Olive-Oil-e1519904436656.jpg","contentUrl":"https:\/\/floroazqueta.com\/wp-content\/uploads\/2018\/03\/Olive-Oil-e1519904436656.jpg"},{"@type":"BreadcrumbList","@id":"https:\/\/floroazqueta.com\/about-floro\/#breadcrumb","itemListElement":[{"@type":"ListItem","position":1,"name":"Portada","item":"https:\/\/floroazqueta.com\/"},{"@type":"ListItem","position":2,"name":"ABOUT FLORO"}]},{"@type":"WebSite","@id":"https:\/\/floroazqueta.com\/#website","url":"https:\/\/floroazqueta.com\/","name":"Floro Azqueta","description":"Food and Interior photographer &amp; filmmaker London, Barcelona, San Sebasti\u00e1n","potentialAction":[{"@type":"SearchAction","target":{"@type":"EntryPoint","urlTemplate":"https:\/\/floroazqueta.com\/?s={search_term_string}"},"query-input":{"@type":"PropertyValueSpecification","valueRequired":true,"valueName":"search_term_string"}}],"inLanguage":"es"}]}},"_links":{"self":[{"href":"https:\/\/floroazqueta.com\/es\/wp-json\/wp\/v2\/pages\/340","targetHints":{"allow":["GET"]}}],"collection":[{"href":"https:\/\/floroazqueta.com\/es\/wp-json\/wp\/v2\/pages"}],"about":[{"href":"https:\/\/floroazqueta.com\/es\/wp-json\/wp\/v2\/types\/page"}],"author":[{"embeddable":true,"href":"https:\/\/floroazqueta.com\/es\/wp-json\/wp\/v2\/users\/1"}],"replies":[{"embeddable":true,"href":"https:\/\/floroazqueta.com\/es\/wp-json\/wp\/v2\/comments?post=340"}],"version-history":[{"count":2,"href":"https:\/\/floroazqueta.com\/es\/wp-json\/wp\/v2\/pages\/340\/revisions"}],"predecessor-version":[{"id":5069,"href":"https:\/\/floroazqueta.com\/es\/wp-json\/wp\/v2\/pages\/340\/revisions\/5069"}],"wp:attachment":[{"href":"https:\/\/floroazqueta.com\/es\/wp-json\/wp\/v2\/media?parent=340"}],"curies":[{"name":"wp","href":"https:\/\/api.w.org\/{rel}","templated":true}]}}